{"id":11873,"date":"2025-01-10T17:08:37","date_gmt":"2025-01-10T17:08:37","guid":{"rendered":"https:\/\/www.garnetinstruments.eu\/product\/709-2p\/"},"modified":"2025-07-31T16:29:18","modified_gmt":"2025-07-31T16:29:18","slug":"709-2p","status":"publish","type":"product","link":"https:\/\/www.garnetinstruments.eu\/de\/produkte\/709-2p\/","title":{"rendered":"709-2P"},"content":{"rendered":"<p>SeeLeveL II RV Zwei-Tank-Reihe \u2013 Dieses System wurde f\u00fcr Wohnmobile und Reisemobile entwickelt und liefert pr\u00e4zise F\u00fcllstandsmessungen in zwei Tanks in 5&nbsp;%-Schritten f\u00fcr Frisch- und Schwarzwassertanks und \u00fcberwacht au\u00dferdem die Batteriespannung. Einige Modelle verf\u00fcgen auch \u00fcber einen integrierten Pumpenschalter.<\/p>\n","protected":false},"excerpt":{"rendered":"<p><strong>Das System umfasst:<\/strong> (1) Display\u00fcberwachungsger\u00e4t, (2) Tankgeber, (1) Pigtail, (4) Befestigungsschrauben <\/p>\n<p><strong>Displays:\u202f<\/strong>\u202fFalls gew\u00fcnscht, k\u00f6nnen Sie das System um mehrere Displays erweitern, so dass Sie die Tankf\u00fcllst\u00e4nde von verschiedenen Standorten aus \u00fcberwachen k\u00f6nnen. <\/p>\n<p><strong>Geber:<\/strong> Beim Kauf k\u00f6nnen Sie zwischen drei (3) Gebergr\u00f6\u00dfen w\u00e4hlen.<\/p>\n","protected":false},"featured_media":11062,"template":"","meta":[],"product_brand":[],"product_cat":[199],"product_tag":[],"lpg":[172],"switch":[177],"class_list":{"0":"post-11873","1":"product","2":"type-product","3":"status-publish","4":"has-post-thumbnail","6":"product_cat-2-tank-reihe","7":"lpg-ja-de","8":"switch-ja-de","10":"first","11":"instock","12":"taxable","13":"shipping-taxable","14":"purchasable","15":"product-type-variable"},"_links":{"self":[{"href":"https:\/\/www.garnetinstruments.eu\/de\/wp-json\/wp\/v2\/product\/11873","targetHints":{"allow":["GET"]}}],"collection":[{"href":"https:\/\/www.garnetinstruments.eu\/de\/wp-json\/wp\/v2\/product"}],"about":[{"href":"https:\/\/www.garnetinstruments.eu\/de\/wp-json\/wp\/v2\/types\/product"}],"version-history":[{"count":0,"href":"https:\/\/www.garnetinstruments.eu\/de\/wp-json\/wp\/v2\/product\/11873\/revisions"}],"wp:featuredmedia":[{"embeddable":true,"href":"https:\/\/www.garnetinstruments.eu\/de\/wp-json\/wp\/v2\/media\/11062"}],"wp:attachment":[{"href":"https:\/\/www.garnetinstruments.eu\/de\/wp-json\/wp\/v2\/media?parent=11873"}],"wp:term":[{"taxonomy":"product_brand","embeddable":true,"href":"https:\/\/www.garnetinstruments.eu\/de\/wp-json\/wp\/v2\/product_brand?post=11873"},{"taxonomy":"product_cat","embeddable":true,"href":"https:\/\/www.garnetinstruments.eu\/de\/wp-json\/wp\/v2\/product_cat?post=11873"},{"taxonomy":"product_tag","embeddable":true,"href":"https:\/\/www.garnetinstruments.eu\/de\/wp-json\/wp\/v2\/product_tag?post=11873"},{"taxonomy":"lpg","embeddable":true,"href":"https:\/\/www.garnetinstruments.eu\/de\/wp-json\/wp\/v2\/lpg?post=11873"},{"taxonomy":"switch","embeddable":true,"href":"https:\/\/www.garnetinstruments.eu\/de\/wp-json\/wp\/v2\/switch?post=11873"}],"curies":[{"name":"wp","href":"https:\/\/api.w.org\/{rel}","templated":true}]}}