{"id":11899,"date":"2025-01-10T17:09:16","date_gmt":"2025-01-10T17:09:16","guid":{"rendered":"https:\/\/www.garnetinstruments.eu\/product\/709\/"},"modified":"2025-07-31T17:02:14","modified_gmt":"2025-07-31T17:02:14","slug":"709","status":"publish","type":"product","link":"https:\/\/www.garnetinstruments.eu\/de\/produkte\/709\/","title":{"rendered":"709"},"content":{"rendered":"<p>R\u00fcsten Sie Ihr Wohnmobil mit dem SeeLeveL II 709 auf, um den Fl\u00fcssigkeitsstand in 5&nbsp;%-Schritten pr\u00e4zise zu \u00fcberwachen \u2013 weitaus genauer als herk\u00f6mmliche Messwerte auf der Basis von Dritten. Der 709 ist auf Flexibilit\u00e4t ausgelegt und kann drei beliebige Tanks \u00fcberwachen, ob Frischwassertank, Grauwassertank, Schwarzwassertank oder Sonstiges. Die Installation ist einfach und erfolgt oft \u00fcber die vorhandene Verkabelung.<\/p>\n","protected":false},"excerpt":{"rendered":"<p><strong>Das System umfasst:<\/strong> (1) Display\u00fcberwachungsger\u00e4t, (3) Tankgeber, (1) Pigtail, (4) Befestigungsschrauben <\/p>\n<p><strong>Displays:<\/strong>\u202f\u202fFalls gew\u00fcnscht, k\u00f6nnen Sie das System um mehrere Displays erweitern, so dass Sie die Tankf\u00fcllst\u00e4nde von verschiedenen Standorten aus \u00fcberwachen k\u00f6nnen. <\/p>\n<p><strong>Geber:<\/strong> Beim Kauf k\u00f6nnen Sie zwischen drei (3) Gebergr\u00f6\u00dfen w\u00e4hlen.<\/p>\n","protected":false},"featured_media":11068,"template":"","meta":[],"product_brand":[],"product_cat":[200],"product_tag":[],"lpg":[173],"switch":[175],"class_list":{"0":"post-11899","1":"product","2":"type-product","3":"status-publish","4":"has-post-thumbnail","6":"product_cat-3-tank-reihe","7":"lpg-nein","8":"switch-nein","10":"first","11":"instock","12":"taxable","13":"shipping-taxable","14":"purchasable","15":"product-type-variable"},"_links":{"self":[{"href":"https:\/\/www.garnetinstruments.eu\/de\/wp-json\/wp\/v2\/product\/11899","targetHints":{"allow":["GET"]}}],"collection":[{"href":"https:\/\/www.garnetinstruments.eu\/de\/wp-json\/wp\/v2\/product"}],"about":[{"href":"https:\/\/www.garnetinstruments.eu\/de\/wp-json\/wp\/v2\/types\/product"}],"version-history":[{"count":0,"href":"https:\/\/www.garnetinstruments.eu\/de\/wp-json\/wp\/v2\/product\/11899\/revisions"}],"wp:featuredmedia":[{"embeddable":true,"href":"https:\/\/www.garnetinstruments.eu\/de\/wp-json\/wp\/v2\/media\/11068"}],"wp:attachment":[{"href":"https:\/\/www.garnetinstruments.eu\/de\/wp-json\/wp\/v2\/media?parent=11899"}],"wp:term":[{"taxonomy":"product_brand","embeddable":true,"href":"https:\/\/www.garnetinstruments.eu\/de\/wp-json\/wp\/v2\/product_brand?post=11899"},{"taxonomy":"product_cat","embeddable":true,"href":"https:\/\/www.garnetinstruments.eu\/de\/wp-json\/wp\/v2\/product_cat?post=11899"},{"taxonomy":"product_tag","embeddable":true,"href":"https:\/\/www.garnetinstruments.eu\/de\/wp-json\/wp\/v2\/product_tag?post=11899"},{"taxonomy":"lpg","embeddable":true,"href":"https:\/\/www.garnetinstruments.eu\/de\/wp-json\/wp\/v2\/lpg?post=11899"},{"taxonomy":"switch","embeddable":true,"href":"https:\/\/www.garnetinstruments.eu\/de\/wp-json\/wp\/v2\/switch?post=11899"}],"curies":[{"name":"wp","href":"https:\/\/api.w.org\/{rel}","templated":true}]}}