{"id":12025,"date":"2025-01-10T17:10:15","date_gmt":"2025-01-10T17:10:15","guid":{"rendered":"https:\/\/www.garnetinstruments.eu\/product\/709-3\/"},"modified":"2025-07-31T17:04:43","modified_gmt":"2025-07-31T17:04:43","slug":"709-3","status":"publish","type":"product","link":"https:\/\/www.garnetinstruments.eu\/de\/produkte\/709-3\/","title":{"rendered":"709-3"},"content":{"rendered":"<p>Upgrade uw recreatievoertuig met de SeeLeveL II 709-3 om verswater, grijswater en zwartwater in stappen van 5% nauwkeurig te bewaken &#8211; veel nauwkeuriger dan de traditionele aflezing met apparatuur van derden. De installatie is eenvoudig. Vaak wordt gebruik gemaakt van bestaande bedrading. De 709 kan drie tanks bewaken, of het nu verswater-, grijswater-, zwartwater- of andere tanks zijn. De installatie is eenvoudig. Vaak wordt gebruik gemaakt van bestaande bedrading.<\/p>\n","protected":false},"excerpt":{"rendered":"<p><strong>Das System umfasst:<\/strong> (1) Display\u00fcberwachungsger\u00e4t, (3) Tankgeber, (1) Pigtail, (4) Befestigungsschrauben <\/p>\n<p><strong>Displays:<\/strong>\u202f\u202fFalls gew\u00fcnscht, k\u00f6nnen Sie das System um mehrere Displays erweitern, so dass Sie die Tankf\u00fcllst\u00e4nde von verschiedenen Standorten aus \u00fcberwachen k\u00f6nnen. <\/p>\n<p><strong>Geber:<\/strong> Beim Kauf k\u00f6nnen Sie zwischen drei (3) Gebergr\u00f6\u00dfen w\u00e4hlen.<\/p>\n","protected":false},"featured_media":11066,"template":"","meta":[],"product_brand":[],"product_cat":[200],"product_tag":[],"lpg":[173],"switch":[175],"class_list":{"0":"post-12025","1":"product","2":"type-product","3":"status-publish","4":"has-post-thumbnail","6":"product_cat-3-tank-reihe","7":"lpg-nein","8":"switch-nein","10":"first","11":"instock","12":"taxable","13":"shipping-taxable","14":"purchasable","15":"product-type-variable"},"_links":{"self":[{"href":"https:\/\/www.garnetinstruments.eu\/de\/wp-json\/wp\/v2\/product\/12025","targetHints":{"allow":["GET"]}}],"collection":[{"href":"https:\/\/www.garnetinstruments.eu\/de\/wp-json\/wp\/v2\/product"}],"about":[{"href":"https:\/\/www.garnetinstruments.eu\/de\/wp-json\/wp\/v2\/types\/product"}],"version-history":[{"count":0,"href":"https:\/\/www.garnetinstruments.eu\/de\/wp-json\/wp\/v2\/product\/12025\/revisions"}],"wp:featuredmedia":[{"embeddable":true,"href":"https:\/\/www.garnetinstruments.eu\/de\/wp-json\/wp\/v2\/media\/11066"}],"wp:attachment":[{"href":"https:\/\/www.garnetinstruments.eu\/de\/wp-json\/wp\/v2\/media?parent=12025"}],"wp:term":[{"taxonomy":"product_brand","embeddable":true,"href":"https:\/\/www.garnetinstruments.eu\/de\/wp-json\/wp\/v2\/product_brand?post=12025"},{"taxonomy":"product_cat","embeddable":true,"href":"https:\/\/www.garnetinstruments.eu\/de\/wp-json\/wp\/v2\/product_cat?post=12025"},{"taxonomy":"product_tag","embeddable":true,"href":"https:\/\/www.garnetinstruments.eu\/de\/wp-json\/wp\/v2\/product_tag?post=12025"},{"taxonomy":"lpg","embeddable":true,"href":"https:\/\/www.garnetinstruments.eu\/de\/wp-json\/wp\/v2\/lpg?post=12025"},{"taxonomy":"switch","embeddable":true,"href":"https:\/\/www.garnetinstruments.eu\/de\/wp-json\/wp\/v2\/switch?post=12025"}],"curies":[{"name":"wp","href":"https:\/\/api.w.org\/{rel}","templated":true}]}}