{"id":12278,"date":"2025-01-13T13:28:32","date_gmt":"2025-01-13T13:28:32","guid":{"rendered":"https:\/\/www.garnetinstruments.eu\/product\/709-rvc-nlp\/"},"modified":"2025-07-31T16:52:09","modified_gmt":"2025-07-31T16:52:09","slug":"709-rvc-nlp","status":"publish","type":"product","link":"https:\/\/www.garnetinstruments.eu\/de\/produkte\/709-rvc-nlp\/","title":{"rendered":"709-RVC NLP"},"content":{"rendered":"<p>Die RVC-Reihe wurde entwickelt, um bis zu drei Haltetanks zusammen mit der Batteriespannung zu \u00fcberwachen, was sie zu einer vielseitigen L\u00f6sung f\u00fcr Wohnmobilbesitzer macht. Diese \u00dcberwachungsger\u00e4te sind mit Wohnmobilen kompatibel, die mit RV-C-Schnittstellensystemen ausgestattet sind, und erm\u00f6glichen eine nahtlose Integration. Der F\u00fcllstand des Tanks wird auf einem \u00fcbersichtlichen, leicht ablesbaren LED-Display als Prozentsatz des F\u00fcllstands angezeigt. Geeignet f\u00fcr die meisten Kunststoff- oder Glasfasertanks mit wasserl\u00f6slichen Fl\u00fcssigkeiten, jedoch nicht mit Metalltanks kompatibel.<\/p>\n","protected":false},"excerpt":{"rendered":"<p><strong>Das System umfasst:<\/strong> (1) Display\u00fcberwachungsger\u00e4t, (3) Tankgeber, (1) Pigtail, (4) Befestigungsschrauben<\/p>\n<p><strong>Displays:<\/strong>\u202f\u202fFalls gew\u00fcnscht, k\u00f6nnen Sie das System um mehrere Displays erweitern, so dass Sie die Tankf\u00fcllst\u00e4nde von verschiedenen Standorten aus \u00fcberwachen k\u00f6nnen.<\/p>\n<p><strong>Geber:<\/strong> Beim Kauf k\u00f6nnen Sie zwischen drei (3) Gebergr\u00f6\u00dfen w\u00e4hlen.<\/p>\n","protected":false},"featured_media":11052,"template":"","meta":[],"product_brand":[],"product_cat":[203],"product_tag":[],"lpg":[172],"switch":[175],"class_list":{"0":"post-12278","1":"product","2":"type-product","3":"status-publish","4":"has-post-thumbnail","6":"product_cat-rv-c-schnittstellenreihe","7":"lpg-ja-de","8":"switch-nein","10":"first","11":"instock","12":"taxable","13":"shipping-taxable","14":"purchasable","15":"product-type-simple"},"_links":{"self":[{"href":"https:\/\/www.garnetinstruments.eu\/de\/wp-json\/wp\/v2\/product\/12278","targetHints":{"allow":["GET"]}}],"collection":[{"href":"https:\/\/www.garnetinstruments.eu\/de\/wp-json\/wp\/v2\/product"}],"about":[{"href":"https:\/\/www.garnetinstruments.eu\/de\/wp-json\/wp\/v2\/types\/product"}],"version-history":[{"count":0,"href":"https:\/\/www.garnetinstruments.eu\/de\/wp-json\/wp\/v2\/product\/12278\/revisions"}],"wp:featuredmedia":[{"embeddable":true,"href":"https:\/\/www.garnetinstruments.eu\/de\/wp-json\/wp\/v2\/media\/11052"}],"wp:attachment":[{"href":"https:\/\/www.garnetinstruments.eu\/de\/wp-json\/wp\/v2\/media?parent=12278"}],"wp:term":[{"taxonomy":"product_brand","embeddable":true,"href":"https:\/\/www.garnetinstruments.eu\/de\/wp-json\/wp\/v2\/product_brand?post=12278"},{"taxonomy":"product_cat","embeddable":true,"href":"https:\/\/www.garnetinstruments.eu\/de\/wp-json\/wp\/v2\/product_cat?post=12278"},{"taxonomy":"product_tag","embeddable":true,"href":"https:\/\/www.garnetinstruments.eu\/de\/wp-json\/wp\/v2\/product_tag?post=12278"},{"taxonomy":"lpg","embeddable":true,"href":"https:\/\/www.garnetinstruments.eu\/de\/wp-json\/wp\/v2\/lpg?post=12278"},{"taxonomy":"switch","embeddable":true,"href":"https:\/\/www.garnetinstruments.eu\/de\/wp-json\/wp\/v2\/switch?post=12278"}],"curies":[{"name":"wp","href":"https:\/\/api.w.org\/{rel}","templated":true}]}}