{"id":12281,"date":"2025-01-13T13:34:13","date_gmt":"2025-01-13T13:34:13","guid":{"rendered":"https:\/\/www.garnetinstruments.eu\/product\/710-ar2-geber-klein\/"},"modified":"2025-07-31T16:34:38","modified_gmt":"2025-07-31T16:34:38","slug":"710-ar2-geber-klein","status":"publish","type":"product","link":"https:\/\/www.garnetinstruments.eu\/de\/produkte\/710-ar2-geber-klein\/","title":{"rendered":"710-AR2 Geber (klein)"},"content":{"rendered":"<p>Die individuellen Tankgeber von Garnet Instruments sind auf Anfrage erh\u00e4ltlich. Wenn Sie einen Ersatz oder einen zus\u00e4tzlichen Geber f\u00fcr Ihr System ben\u00f6tigen, setzen Sie sich bitte direkt mit uns in Verbindung, um sicherzustellen, dass Sie das richtige Modell f\u00fcr Ihren Tankaufbau erhalten.<\/p>\n","protected":false},"excerpt":{"rendered":"<p>Dieser Geber wurde mit h\u00f6herer Aufl\u00f6sung entwickelt und ist speziell f\u00fcr Haltetanks mit geringerer H\u00f6he geeignet. Seine fortschrittliche Sensortechnologie gew\u00e4hrleistet eine pr\u00e4zise \u00dcberwachung des Fl\u00fcssigkeitsstands und macht ihn zur optimalen Wahl f\u00fcr flache Tanks, bei denen es auf Genauigkeit ankommt.<\/p>\n","protected":false},"featured_media":11130,"template":"","meta":[],"product_brand":[],"product_cat":[202],"product_tag":[],"lpg":[],"switch":[],"class_list":{"0":"post-12281","1":"product","2":"type-product","3":"status-publish","4":"has-post-thumbnail","6":"product_cat-einzelne-teile","8":"first","9":"instock","10":"taxable","11":"shipping-taxable","12":"purchasable","13":"product-type-simple"},"_links":{"self":[{"href":"https:\/\/www.garnetinstruments.eu\/de\/wp-json\/wp\/v2\/product\/12281","targetHints":{"allow":["GET"]}}],"collection":[{"href":"https:\/\/www.garnetinstruments.eu\/de\/wp-json\/wp\/v2\/product"}],"about":[{"href":"https:\/\/www.garnetinstruments.eu\/de\/wp-json\/wp\/v2\/types\/product"}],"version-history":[{"count":0,"href":"https:\/\/www.garnetinstruments.eu\/de\/wp-json\/wp\/v2\/product\/12281\/revisions"}],"wp:featuredmedia":[{"embeddable":true,"href":"https:\/\/www.garnetinstruments.eu\/de\/wp-json\/wp\/v2\/media\/11130"}],"wp:attachment":[{"href":"https:\/\/www.garnetinstruments.eu\/de\/wp-json\/wp\/v2\/media?parent=12281"}],"wp:term":[{"taxonomy":"product_brand","embeddable":true,"href":"https:\/\/www.garnetinstruments.eu\/de\/wp-json\/wp\/v2\/product_brand?post=12281"},{"taxonomy":"product_cat","embeddable":true,"href":"https:\/\/www.garnetinstruments.eu\/de\/wp-json\/wp\/v2\/product_cat?post=12281"},{"taxonomy":"product_tag","embeddable":true,"href":"https:\/\/www.garnetinstruments.eu\/de\/wp-json\/wp\/v2\/product_tag?post=12281"},{"taxonomy":"lpg","embeddable":true,"href":"https:\/\/www.garnetinstruments.eu\/de\/wp-json\/wp\/v2\/lpg?post=12281"},{"taxonomy":"switch","embeddable":true,"href":"https:\/\/www.garnetinstruments.eu\/de\/wp-json\/wp\/v2\/switch?post=12281"}],"curies":[{"name":"wp","href":"https:\/\/api.w.org\/{rel}","templated":true}]}}