{"id":12282,"date":"2025-01-13T13:46:05","date_gmt":"2025-01-13T13:46:05","guid":{"rendered":"https:\/\/www.garnetinstruments.eu\/product\/710-es3-geber-mittel\/"},"modified":"2025-07-31T16:32:18","modified_gmt":"2025-07-31T16:32:18","slug":"710-es3-geber-mittel","status":"publish","type":"product","link":"https:\/\/www.garnetinstruments.eu\/de\/produkte\/710-es3-geber-mittel\/","title":{"rendered":"710-ES3 Geber (mittel)"},"content":{"rendered":"<p>Die individuellen Tankgeber von Garnet Instruments sind auf Anfrage erh\u00e4ltlich. Wenn Sie einen Ersatz oder einen zus\u00e4tzlichen Geber f\u00fcr Ihr System ben\u00f6tigen, setzen Sie sich bitte direkt mit uns in Verbindung, um sicherzustellen, dass Sie das richtige Modell f\u00fcr Ihren Tankaufbau erhalten.<\/p>\n","protected":false},"excerpt":{"rendered":"<p>Dieser Geber wurde f\u00fcr ein breites Spektrum von Tankh\u00f6hen entwickelt und ist sowohl vielseitig als auch zuverl\u00e4ssig. Es ist mit den meisten Haltetanks kompatibel und bietet zuverl\u00e4ssige Messungen f\u00fcr eine Vielzahl von Tankh\u00f6henanwendungen.<\/p>\n","protected":false},"featured_media":11130,"template":"","meta":[],"product_brand":[],"product_cat":[202],"product_tag":[],"lpg":[],"switch":[],"class_list":{"0":"post-12282","1":"product","2":"type-product","3":"status-publish","4":"has-post-thumbnail","6":"product_cat-einzelne-teile","8":"first","9":"instock","10":"taxable","11":"shipping-taxable","12":"purchasable","13":"product-type-simple"},"_links":{"self":[{"href":"https:\/\/www.garnetinstruments.eu\/de\/wp-json\/wp\/v2\/product\/12282","targetHints":{"allow":["GET"]}}],"collection":[{"href":"https:\/\/www.garnetinstruments.eu\/de\/wp-json\/wp\/v2\/product"}],"about":[{"href":"https:\/\/www.garnetinstruments.eu\/de\/wp-json\/wp\/v2\/types\/product"}],"version-history":[{"count":0,"href":"https:\/\/www.garnetinstruments.eu\/de\/wp-json\/wp\/v2\/product\/12282\/revisions"}],"wp:featuredmedia":[{"embeddable":true,"href":"https:\/\/www.garnetinstruments.eu\/de\/wp-json\/wp\/v2\/media\/11130"}],"wp:attachment":[{"href":"https:\/\/www.garnetinstruments.eu\/de\/wp-json\/wp\/v2\/media?parent=12282"}],"wp:term":[{"taxonomy":"product_brand","embeddable":true,"href":"https:\/\/www.garnetinstruments.eu\/de\/wp-json\/wp\/v2\/product_brand?post=12282"},{"taxonomy":"product_cat","embeddable":true,"href":"https:\/\/www.garnetinstruments.eu\/de\/wp-json\/wp\/v2\/product_cat?post=12282"},{"taxonomy":"product_tag","embeddable":true,"href":"https:\/\/www.garnetinstruments.eu\/de\/wp-json\/wp\/v2\/product_tag?post=12282"},{"taxonomy":"lpg","embeddable":true,"href":"https:\/\/www.garnetinstruments.eu\/de\/wp-json\/wp\/v2\/lpg?post=12282"},{"taxonomy":"switch","embeddable":true,"href":"https:\/\/www.garnetinstruments.eu\/de\/wp-json\/wp\/v2\/switch?post=12282"}],"curies":[{"name":"wp","href":"https:\/\/api.w.org\/{rel}","templated":true}]}}