{"id":12284,"date":"2025-01-13T13:49:39","date_gmt":"2025-01-13T13:49:39","guid":{"rendered":"https:\/\/www.garnetinstruments.eu\/product\/709-auffuellplatte\/"},"modified":"2025-01-13T13:49:39","modified_gmt":"2025-01-13T13:49:39","slug":"709-auffuellplatte","status":"publish","type":"product","link":"https:\/\/www.garnetinstruments.eu\/de\/produkte\/709-auffuellplatte\/","title":{"rendered":"709 Auff\u00fcllplatte"},"content":{"rendered":"<p>Mit der 709 Auff\u00fcllplatte k\u00f6nnen Sie bei der Nachr\u00fcstung eines Tank\u00fcberwachungsger\u00e4ts der SeeLeveL-II-709-Reihe zu gro\u00dfe Ausschnitte abdecken.<\/p>\n","protected":false},"excerpt":{"rendered":"<p>Mit der 709 Auff\u00fcllplatte k\u00f6nnen Sie bei der Nachr\u00fcstung eines Tank\u00fcberwachungsger\u00e4ts der SeeLeveL-II-709-Reihe zu gro\u00dfe Ausschnitte abdecken.<\/p>\n","protected":false},"featured_media":11104,"template":"","meta":[],"product_brand":[],"product_cat":[202],"product_tag":[],"lpg":[],"switch":[],"class_list":{"0":"post-12284","1":"product","2":"type-product","3":"status-publish","4":"has-post-thumbnail","6":"product_cat-einzelne-teile","8":"first","9":"instock","10":"taxable","11":"shipping-taxable","12":"purchasable","13":"product-type-simple"},"_links":{"self":[{"href":"https:\/\/www.garnetinstruments.eu\/de\/wp-json\/wp\/v2\/product\/12284","targetHints":{"allow":["GET"]}}],"collection":[{"href":"https:\/\/www.garnetinstruments.eu\/de\/wp-json\/wp\/v2\/product"}],"about":[{"href":"https:\/\/www.garnetinstruments.eu\/de\/wp-json\/wp\/v2\/types\/product"}],"version-history":[{"count":0,"href":"https:\/\/www.garnetinstruments.eu\/de\/wp-json\/wp\/v2\/product\/12284\/revisions"}],"wp:featuredmedia":[{"embeddable":true,"href":"https:\/\/www.garnetinstruments.eu\/de\/wp-json\/wp\/v2\/media\/11104"}],"wp:attachment":[{"href":"https:\/\/www.garnetinstruments.eu\/de\/wp-json\/wp\/v2\/media?parent=12284"}],"wp:term":[{"taxonomy":"product_brand","embeddable":true,"href":"https:\/\/www.garnetinstruments.eu\/de\/wp-json\/wp\/v2\/product_brand?post=12284"},{"taxonomy":"product_cat","embeddable":true,"href":"https:\/\/www.garnetinstruments.eu\/de\/wp-json\/wp\/v2\/product_cat?post=12284"},{"taxonomy":"product_tag","embeddable":true,"href":"https:\/\/www.garnetinstruments.eu\/de\/wp-json\/wp\/v2\/product_tag?post=12284"},{"taxonomy":"lpg","embeddable":true,"href":"https:\/\/www.garnetinstruments.eu\/de\/wp-json\/wp\/v2\/lpg?post=12284"},{"taxonomy":"switch","embeddable":true,"href":"https:\/\/www.garnetinstruments.eu\/de\/wp-json\/wp\/v2\/switch?post=12284"}],"curies":[{"name":"wp","href":"https:\/\/api.w.org\/{rel}","templated":true}]}}