{"id":12285,"date":"2025-01-13T13:50:28","date_gmt":"2025-01-13T13:50:28","guid":{"rendered":"https:\/\/www.garnetinstruments.eu\/product\/709-dichtung\/"},"modified":"2025-01-13T13:50:28","modified_gmt":"2025-01-13T13:50:28","slug":"709-dichtung","status":"publish","type":"product","link":"https:\/\/www.garnetinstruments.eu\/de\/produkte\/709-dichtung\/","title":{"rendered":"709 Dichtung"},"content":{"rendered":"<p>Die 709 Dichtung wird verwendet, um zu verhindern, dass das SeeLeveL-II-\u00dcberwachungsger\u00e4t bei der Montage auf einer Metalloberfl\u00e4che kurzgeschlossen wird.<\/p>\n","protected":false},"excerpt":{"rendered":"<p>Die 709 Dichtung wird verwendet, um zu verhindern, dass das SeeLeveL-II-\u00dcberwachungsger\u00e4t bei der Montage auf einer Metalloberfl\u00e4che kurzgeschlossen wird.<\/p>\n","protected":false},"featured_media":11106,"template":"","meta":[],"product_brand":[],"product_cat":[202],"product_tag":[],"lpg":[],"switch":[],"class_list":{"0":"post-12285","1":"product","2":"type-product","3":"status-publish","4":"has-post-thumbnail","6":"product_cat-einzelne-teile","8":"first","9":"instock","10":"taxable","11":"shipping-taxable","12":"purchasable","13":"product-type-simple"},"_links":{"self":[{"href":"https:\/\/www.garnetinstruments.eu\/de\/wp-json\/wp\/v2\/product\/12285","targetHints":{"allow":["GET"]}}],"collection":[{"href":"https:\/\/www.garnetinstruments.eu\/de\/wp-json\/wp\/v2\/product"}],"about":[{"href":"https:\/\/www.garnetinstruments.eu\/de\/wp-json\/wp\/v2\/types\/product"}],"version-history":[{"count":0,"href":"https:\/\/www.garnetinstruments.eu\/de\/wp-json\/wp\/v2\/product\/12285\/revisions"}],"wp:featuredmedia":[{"embeddable":true,"href":"https:\/\/www.garnetinstruments.eu\/de\/wp-json\/wp\/v2\/media\/11106"}],"wp:attachment":[{"href":"https:\/\/www.garnetinstruments.eu\/de\/wp-json\/wp\/v2\/media?parent=12285"}],"wp:term":[{"taxonomy":"product_brand","embeddable":true,"href":"https:\/\/www.garnetinstruments.eu\/de\/wp-json\/wp\/v2\/product_brand?post=12285"},{"taxonomy":"product_cat","embeddable":true,"href":"https:\/\/www.garnetinstruments.eu\/de\/wp-json\/wp\/v2\/product_cat?post=12285"},{"taxonomy":"product_tag","embeddable":true,"href":"https:\/\/www.garnetinstruments.eu\/de\/wp-json\/wp\/v2\/product_tag?post=12285"},{"taxonomy":"lpg","embeddable":true,"href":"https:\/\/www.garnetinstruments.eu\/de\/wp-json\/wp\/v2\/lpg?post=12285"},{"taxonomy":"switch","embeddable":true,"href":"https:\/\/www.garnetinstruments.eu\/de\/wp-json\/wp\/v2\/switch?post=12285"}],"curies":[{"name":"wp","href":"https:\/\/api.w.org\/{rel}","templated":true}]}}